{"id":128,"date":"2022-08-02T22:14:35","date_gmt":"2022-08-02T20:14:35","guid":{"rendered":"http:\/\/www.soccer-challenge.at\/camp\/?page_id=128"},"modified":"2026-04-06T21:24:39","modified_gmt":"2026-04-06T19:24:39","slug":"schwerpunkte","status":"publish","type":"page","link":"http:\/\/www.soccer-challenge.at\/camp\/?page_id=128","title":{"rendered":"SCHWERPUNKTE"},"content":{"rendered":"\n<p><strong>Soccer Challenge <mark style=\"background-color:rgba(0, 0, 0, 0);color:#1e73be\" class=\"has-inline-color\">CAMP<\/mark><\/strong> orientiert sich an den g\u00e4ngigsten Trainingsschwerpunkten im modernen Kinder- und Jugendfu\u00dfball und m\u00f6chte damit den Breitenfu\u00dfball sowie den &#8222;professionellen&#8220; Nachwuchsfu\u00dfball f\u00f6rdern.<\/p>\n\n\n\n<div style=\"height:30px\" aria-hidden=\"true\" class=\"wp-block-spacer\"><\/div>\n\n\n\n<h4 class=\"wp-block-heading\">Motorik<\/h4>\n\n\n\n<p>Kinder und Jugendliche lernen durch Gleichgewichts\u00fcbungen und Geschicklichkeitsspiele mit und ohne Ball, ihren K\u00f6rper richtig zu bewegen und einzusetzen.<\/p>\n\n\n\n<div style=\"height:30px\" aria-hidden=\"true\" class=\"wp-block-spacer\"><\/div>\n\n\n\n<h4 class=\"wp-block-heading\">Lauf- und Sprungschule<\/h4>\n\n\n\n<p>Bei der Laufkoordination werden bestimmte Schrittfolgen sowie die Lauftechnik ge\u00fcbt, welche auch eine zus\u00e4tzliche Verbesserung der konditionellen F\u00e4higkeiten beinhaltet.<\/p>\n\n\n\n<div style=\"height:30px\" aria-hidden=\"true\" class=\"wp-block-spacer\"><\/div>\n\n\n\n<h4 class=\"wp-block-heading\">Balltechnik<\/h4>\n\n\n\n<p>Eine dynamische Ballf\u00fchrung ist das A und O moderner Fu\u00dfballer:innen sowie Zuspiel, Ballannahme und Ballmitnahme. Ein gro\u00dfes Repertoire an Finten &amp; Tricks erleichtert viele 1 vs. 1 Situationen und treibt Gegenspieler:innen zur Wei\u00dfglut.<\/p>\n\n\n\n<div style=\"height:30px\" aria-hidden=\"true\" class=\"wp-block-spacer\"><\/div>\n\n\n\n<h4 class=\"wp-block-heading\">Schuss- und Kopfballtechnik<\/h4>\n\n\n\n<p>Das Erlernen und die Verbesserung der unterschiedlichen Schusstechniken und das Kopfballspiel sind im Wettkampf von gro\u00dfer Bedeutung, denn wie hei\u00dft es doch so sch\u00f6n: das Runde muss in das Eckige!<\/p>\n\n\n\n<div style=\"height:30px\" aria-hidden=\"true\" class=\"wp-block-spacer\"><\/div>\n\n\n\n<h4 class=\"wp-block-heading\">Jonglieren<\/h4>\n\n\n\n<p>Ob Ballartist:in oder Freestyler:in, sie besitzen ausgezeichnet trainierte koordinative F\u00e4higkeiten. Vor allem die Differenzierungsf\u00e4higkeit und die Kopplungsf\u00e4higkeit sind enorm wichtig um dieses faszinierende Fachgebiet zu erlernen.<\/p>\n\n\n\n<div style=\"height:30px\" aria-hidden=\"true\" class=\"wp-block-spacer\"><\/div>\n\n\n\n<h4 class=\"wp-block-heading\">Spielformen<\/h4>\n\n\n\n<p>Hierbei wird die Anwendung aller oben genannten Punkte realisiert und die produktive Einsetzung des Gelernten in Matchsituationen geschult.<\/p>\n\n\n\n<div style=\"height:30px\" aria-hidden=\"true\" class=\"wp-block-spacer\"><\/div>\n\n\n\n<div class=\"wp-block-buttons is-layout-flex wp-block-buttons-is-layout-flex\">\n<div class=\"wp-block-button has-custom-width wp-block-button__width-100\"><a class=\"wp-block-button__link has-background wp-element-button\" href=\"http:\/\/www.soccer-challenge.at\/camp\/?page_id=74\" style=\"background-color:#1e73be\">HIER BUCHEN<\/a><\/div>\n<\/div>\n\n\n\n<div style=\"height:30px\" aria-hidden=\"true\" class=\"wp-block-spacer\"><\/div>\n","protected":false},"excerpt":{"rendered":"<p>Soccer Challenge CAMP orientiert sich an den g\u00e4ngigsten Trainingsschwerpunkten im modernen Kinder- und Jugendfu\u00dfball und m\u00f6chte damit den Breitenfu\u00dfball sowie den &#8222;professionellen&#8220; Nachwuchsfu\u00dfball f\u00f6rdern. Motorik Kinder und Jugendliche lernen durch Gleichgewichts\u00fcbungen und Geschicklichkeitsspiele mit und ohne Ball, ihren K\u00f6rper richtig zu bewegen und einzusetzen. Lauf- und Sprungschule Bei der Laufkoordination werden bestimmte Schrittfolgen sowie die Lauftechnik ge\u00fcbt, welche auch eine zus\u00e4tzliche Verbesserung der konditionellen F\u00e4higkeiten beinhaltet. Balltechnik Eine dynamische Ballf\u00fchrung ist das A und O moderner Fu\u00dfballer:innen sowie Zuspiel, Ballannahme und Ballmitnahme. Ein gro\u00dfes Repertoire an Finten &amp; Tricks erleichtert viele 1 vs. 1 Situationen und treibt Gegenspieler:innen zur Wei\u00dfglut&#8230;. <\/p>\n","protected":false},"author":1,"featured_media":0,"parent":0,"menu_order":0,"comment_status":"closed","ping_status":"closed","template":"template-parts\/template-no-sidebar.php","meta":{"footnotes":""},"class_list":["post-128","page","type-page","status-publish","hentry"],"_links":{"self":[{"href":"http:\/\/www.soccer-challenge.at\/camp\/index.php?rest_route=\/wp\/v2\/pages\/128","targetHints":{"allow":["GET"]}}],"collection":[{"href":"http:\/\/www.soccer-challenge.at\/camp\/index.php?rest_route=\/wp\/v2\/pages"}],"about":[{"href":"http:\/\/www.soccer-challenge.at\/camp\/index.php?rest_route=\/wp\/v2\/types\/page"}],"author":[{"embeddable":true,"href":"http:\/\/www.soccer-challenge.at\/camp\/index.php?rest_route=\/wp\/v2\/users\/1"}],"replies":[{"embeddable":true,"href":"http:\/\/www.soccer-challenge.at\/camp\/index.php?rest_route=%2Fwp%2Fv2%2Fcomments&post=128"}],"version-history":[{"count":4,"href":"http:\/\/www.soccer-challenge.at\/camp\/index.php?rest_route=\/wp\/v2\/pages\/128\/revisions"}],"predecessor-version":[{"id":231,"href":"http:\/\/www.soccer-challenge.at\/camp\/index.php?rest_route=\/wp\/v2\/pages\/128\/revisions\/231"}],"wp:attachment":[{"href":"http:\/\/www.soccer-challenge.at\/camp\/index.php?rest_route=%2Fwp%2Fv2%2Fmedia&parent=128"}],"curies":[{"name":"wp","href":"https:\/\/api.w.org\/{rel}","templated":true}]}}