{"id":25,"date":"2022-08-01T23:42:47","date_gmt":"2022-08-01T21:42:47","guid":{"rendered":"http:\/\/www.soccer-challenge.at\/camp\/?page_id=25"},"modified":"2026-04-06T22:31:51","modified_gmt":"2026-04-06T20:31:51","slug":"soccer-challenge-courts","status":"publish","type":"page","link":"https:\/\/www.soccer-challenge.at\/camp\/?page_id=25","title":{"rendered":"Soccer Challenge COURT"},"content":{"rendered":"\n<p>Wir bieten auf der <strong>Soccer Challenge <mark style=\"background-color:rgba(0, 0, 0, 0);color:#e21e22\" class=\"has-inline-color\">COURT<\/mark><\/strong> Anlage direkt beim Kaiserwasser am Weissauweg 1 in 1220 Wien&nbsp;<strong>einen Indoor-Kunstrasen-Court<\/strong>&nbsp;(16 x 30 m \u2013&nbsp;<strong>5vs5<\/strong>) inklusive Heizanlage mit Bandenanlage und&nbsp;<strong>zwei Outdoor-Kunstrasen-Courts<\/strong>&nbsp;(jeweils 13 x 25 m \u2013&nbsp;<strong>4vs4<\/strong>) mit Bandenanlage an. Alle Courts besitzen Tore in den Ma\u00dfen 3 x 2 m. Ausgestattet mit hochwertigem Kunstrasen, Banden, Ballfangz\u00e4unen und Flutlicht wird ein ultimatives Freizeiterlebnis in unmittelbarer Stadtn\u00e4he (U1 Station Kaiserm\u00fchlen Vienna International Center nur 5 Minuten von der Anlage entfernt) angeboten. Garderoben und Duschen f\u00fcr Benutzerinnen und Benutzer sind ausreichend auf der Anlage vorhanden.<\/p>\n\n\n\n<div style=\"height:30px\" aria-hidden=\"true\" class=\"wp-block-spacer\"><\/div>\n\n\n\n<h4 class=\"wp-block-heading\">KYLIAN<\/h4>\n\n\n\n<p>Ob Sommer oder Winter,\u00a0<strong><a href=\"http:\/\/www.soccer-challenge.at\/court\/?page_id=14\"><mark style=\"background-color:rgba(0, 0, 0, 0);color:#e21e22\" class=\"has-inline-color\">KYLIAN<\/mark><\/a>\u00a0<\/strong>spielt zu jeder Jahreszeit mit h\u00f6chsten Tempo und ist eine optimale Wahl, um viel Auslauf zu erhalten. Auch in den Sommermonaten eine optimale Wahl aufgrund der Rolltore, die eine gute Bel\u00fcftung erm\u00f6glichen.<\/p>\n\n\n\n<div style=\"height:30px\" aria-hidden=\"true\" class=\"wp-block-spacer\"><\/div>\n\n\n\n<h4 class=\"wp-block-heading\">LEROY &amp; LIONEL<\/h4>\n\n\n\n<p>Ganzj\u00e4hrig tanzen\u00a0<strong><a href=\"http:\/\/www.soccer-challenge.at\/court\/?page_id=16\"><mark style=\"background-color:rgba(0, 0, 0, 0);color:#e21e22\" class=\"has-inline-color\">LEROY<\/mark><\/a><\/strong>\u00a0und\u00a0<strong><a href=\"http:\/\/www.soccer-challenge.at\/court\/?page_id=16\"><mark style=\"background-color:rgba(0, 0, 0, 0);color:#e21e22\" class=\"has-inline-color\">LIONEL<\/mark><\/a><\/strong>\u00a0neben der Alten Donau und sind eine optimale Wahl, um Seine Technik an der freien Luft zu verbessern.<\/p>\n\n\n\n<div style=\"height:30px\" aria-hidden=\"true\" class=\"wp-block-spacer\"><\/div>\n\n\n\n<div class=\"wp-block-buttons is-layout-flex wp-block-buttons-is-layout-flex\">\n<div class=\"wp-block-button has-custom-width wp-block-button__width-100\"><a class=\"wp-block-button__link has-background wp-element-button\" href=\"http:\/\/www.soccer-challenge.at\/court\/?page_id=9\" style=\"background-color:#e21e22\" target=\"_blank\" rel=\"noreferrer noopener\">COURT BUCHEN<\/a><\/div>\n<\/div>\n\n\n\n<p><\/p>\n","protected":false},"excerpt":{"rendered":"<p>Wir bieten auf der Soccer Challenge COURT Anlage direkt beim Kaiserwasser am Weissauweg 1 in 1220 Wien&nbsp;einen Indoor-Kunstrasen-Court&nbsp;(16 x 30 m \u2013&nbsp;5vs5) inklusive Heizanlage mit Bandenanlage und&nbsp;zwei Outdoor-Kunstrasen-Courts&nbsp;(jeweils 13 x 25 m \u2013&nbsp;4vs4) mit Bandenanlage an. Alle Courts besitzen Tore in den Ma\u00dfen 3 x 2 m. Ausgestattet mit hochwertigem Kunstrasen, Banden, Ballfangz\u00e4unen und Flutlicht wird ein ultimatives Freizeiterlebnis in unmittelbarer Stadtn\u00e4he (U1 Station Kaiserm\u00fchlen Vienna International Center nur 5 Minuten von der Anlage entfernt) angeboten. Garderoben und Duschen f\u00fcr Benutzerinnen und Benutzer sind ausreichend auf der Anlage vorhanden. KYLIAN Ob Sommer oder Winter,\u00a0KYLIAN\u00a0spielt zu jeder Jahreszeit mit h\u00f6chsten Tempo&#8230; <\/p>\n","protected":false},"author":1,"featured_media":0,"parent":0,"menu_order":0,"comment_status":"closed","ping_status":"closed","template":"template-parts\/template-no-sidebar.php","meta":{"footnotes":""},"class_list":["post-25","page","type-page","status-publish","hentry"],"_links":{"self":[{"href":"https:\/\/www.soccer-challenge.at\/camp\/index.php?rest_route=\/wp\/v2\/pages\/25","targetHints":{"allow":["GET"]}}],"collection":[{"href":"https:\/\/www.soccer-challenge.at\/camp\/index.php?rest_route=\/wp\/v2\/pages"}],"about":[{"href":"https:\/\/www.soccer-challenge.at\/camp\/index.php?rest_route=\/wp\/v2\/types\/page"}],"author":[{"embeddable":true,"href":"https:\/\/www.soccer-challenge.at\/camp\/index.php?rest_route=\/wp\/v2\/users\/1"}],"replies":[{"embeddable":true,"href":"https:\/\/www.soccer-challenge.at\/camp\/index.php?rest_route=%2Fwp%2Fv2%2Fcomments&post=25"}],"version-history":[{"count":14,"href":"https:\/\/www.soccer-challenge.at\/camp\/index.php?rest_route=\/wp\/v2\/pages\/25\/revisions"}],"predecessor-version":[{"id":260,"href":"https:\/\/www.soccer-challenge.at\/camp\/index.php?rest_route=\/wp\/v2\/pages\/25\/revisions\/260"}],"wp:attachment":[{"href":"https:\/\/www.soccer-challenge.at\/camp\/index.php?rest_route=%2Fwp%2Fv2%2Fmedia&parent=25"}],"curies":[{"name":"wp","href":"https:\/\/api.w.org\/{rel}","templated":true}]}}