{"id":28,"date":"2022-08-01T23:43:48","date_gmt":"2022-08-01T21:43:48","guid":{"rendered":"http:\/\/www.soccer-challenge.at\/camp\/?page_id=28"},"modified":"2026-04-06T22:20:42","modified_gmt":"2026-04-06T20:20:42","slug":"impressum","status":"publish","type":"page","link":"https:\/\/www.soccer-challenge.at\/camp\/?page_id=28","title":{"rendered":"IMPRESSUM"},"content":{"rendered":"\n<p><strong>Soccer Challenge<\/strong><br>Daniel Blazanovic<br>Porzellangasse 5, 1090 Wien, \u00d6sterreich<br><a href=\"mailto:office@soccer-challenge.at\">office@soccer-challenge.at<\/a><br>UID: ATU 69041547<\/p>\n\n\n\n<p>Firmensitz: Wien<br>Rechtsform: Einzelunternehmen<br>Aufsichtsbeh\u00f6rde gem. ECG: Magistratisches Bezirksamt f\u00fcr den 9. Bezirk<br>Kammerzugeh\u00f6rigkeit: Mitglied der WK\u00d6, Fachgruppe Freizeit- und Sportbetriebe<\/p>\n\n\n\n<p>Medieninhaber, Herausgeber und Verleger: Soccer Challenge<br>Inhaber: Daniel Blazanovic<br>Adresse: Porzellangasse 5, 1090 Wien, \u00d6sterreich<\/p>\n\n\n\n<p>Der Inhalt dieser Website ist urheberrechtlich gesch\u00fctzt. Die bereitgestellten Informationen sind ausschlie\u00dflich zur pers\u00f6nlichen Verwendung bestimmt, jede weitergehende Nutzung (Weitergabe an Dritte, gewerbliche Nutzung, Speicherung in Datenbanken) ist untersagt bzw. bedarf der ausdr\u00fccklichen Genehmigung.<\/p>\n\n\n\n<p>Soccer Challenge \u00fcbernimmt keinerlei Verantwortung bzw. Haftung f\u00fcr die Inhalte von Hyperlinks \u2013 f\u00fcr deren Inhalt ist ausschlie\u00dflich der jeweilige Betreiber verantwortlich.<\/p>\n\n\n\n<p>Soccer Challenge ist \u2013 mit gro\u00dfer Sorgfalt \u2013 bem\u00fcht, auf dieser Website aktuelle, inhaltlich richtige Informationen zur Verf\u00fcgung zu stellen. Trotzdem kann keine Gew\u00e4hr f\u00fcr die Authentizit\u00e4t, Vollst\u00e4ndigkeit und Richtigkeit der bereitgestellten Informationen \u00fcbernommen werden. Zus\u00e4tzlich ist jede Haftung f\u00fcr eventuelle Sch\u00e4den materieller oder ideeller Art, die aus der Ben\u00fctzung dieses Webangebotes erwachsen, auszuschlie\u00dfen. Ebenfalls kann keine Gew\u00e4hr f\u00fcr die Verf\u00fcgbarkeit dieser Website und ihrer Inhalte \u00fcbernommen werden.<\/p>\n\n\n\n<p>Online-Streitbeilegung gem\u00e4\u00df Art. 14 Abs. 1 ODR-VO: Die Europ\u00e4ische Kommission stellt eine Plattform zur Online-Streitbeilegung (OS) bereit, die Sie unter&nbsp;<a href=\"http:\/\/ec.europa.eu\/consumers\/odr\/\" target=\"_blank\" rel=\"noreferrer noopener\">ec.europa.eu\/consumers\/odr\/<\/a>&nbsp;finden. Dar\u00fcber hinaus nimmt Soccer Challenge an keinem Verbraucherstreitigkeitsverfahren teil.<\/p>\n\n\n\n<p>Bitte beachte die <a href=\"http:\/\/www.soccer-challenge.at\/court\/?page_id=3\" target=\"_blank\" rel=\"noreferrer noopener\">Datenschutzerkl\u00e4rung<\/a>.<\/p>\n","protected":false},"excerpt":{"rendered":"<p>Soccer ChallengeDaniel BlazanovicPorzellangasse 5, 1090 Wien, \u00d6sterreichoffice@soccer-challenge.atUID: ATU 69041547 Firmensitz: WienRechtsform: EinzelunternehmenAufsichtsbeh\u00f6rde gem. ECG: Magistratisches Bezirksamt f\u00fcr den 9. BezirkKammerzugeh\u00f6rigkeit: Mitglied der WK\u00d6, Fachgruppe Freizeit- und Sportbetriebe Medieninhaber, Herausgeber und Verleger: Soccer ChallengeInhaber: Daniel BlazanovicAdresse: Porzellangasse 5, 1090 Wien, \u00d6sterreich Der Inhalt dieser Website ist urheberrechtlich gesch\u00fctzt. Die bereitgestellten Informationen sind ausschlie\u00dflich zur pers\u00f6nlichen Verwendung bestimmt, jede weitergehende Nutzung (Weitergabe an Dritte, gewerbliche Nutzung, Speicherung in Datenbanken) ist untersagt bzw. bedarf der ausdr\u00fccklichen Genehmigung. Soccer Challenge \u00fcbernimmt keinerlei Verantwortung bzw. Haftung f\u00fcr die Inhalte von Hyperlinks \u2013 f\u00fcr deren Inhalt ist ausschlie\u00dflich der jeweilige Betreiber verantwortlich. Soccer Challenge ist \u2013&#8230; <\/p>\n","protected":false},"author":1,"featured_media":0,"parent":0,"menu_order":0,"comment_status":"closed","ping_status":"closed","template":"template-parts\/template-no-sidebar.php","meta":{"footnotes":""},"class_list":["post-28","page","type-page","status-publish","hentry"],"_links":{"self":[{"href":"https:\/\/www.soccer-challenge.at\/camp\/index.php?rest_route=\/wp\/v2\/pages\/28","targetHints":{"allow":["GET"]}}],"collection":[{"href":"https:\/\/www.soccer-challenge.at\/camp\/index.php?rest_route=\/wp\/v2\/pages"}],"about":[{"href":"https:\/\/www.soccer-challenge.at\/camp\/index.php?rest_route=\/wp\/v2\/types\/page"}],"author":[{"embeddable":true,"href":"https:\/\/www.soccer-challenge.at\/camp\/index.php?rest_route=\/wp\/v2\/users\/1"}],"replies":[{"embeddable":true,"href":"https:\/\/www.soccer-challenge.at\/camp\/index.php?rest_route=%2Fwp%2Fv2%2Fcomments&post=28"}],"version-history":[{"count":3,"href":"https:\/\/www.soccer-challenge.at\/camp\/index.php?rest_route=\/wp\/v2\/pages\/28\/revisions"}],"predecessor-version":[{"id":253,"href":"https:\/\/www.soccer-challenge.at\/camp\/index.php?rest_route=\/wp\/v2\/pages\/28\/revisions\/253"}],"wp:attachment":[{"href":"https:\/\/www.soccer-challenge.at\/camp\/index.php?rest_route=%2Fwp%2Fv2%2Fmedia&parent=28"}],"curies":[{"name":"wp","href":"https:\/\/api.w.org\/{rel}","templated":true}]}}