{"id":34,"date":"2022-08-01T23:45:24","date_gmt":"2022-08-01T21:45:24","guid":{"rendered":"http:\/\/www.soccer-challenge.at\/camp\/?page_id=34"},"modified":"2026-04-06T23:03:11","modified_gmt":"2026-04-06T21:03:11","slug":"individual-training","status":"publish","type":"page","link":"https:\/\/www.soccer-challenge.at\/camp\/?page_id=34","title":{"rendered":"INDIVIDUALTRAINING"},"content":{"rendered":"\n<h4 class=\"wp-block-heading\"><strong>GRUPPEN- und EINZELTRAINING<\/strong><\/h4>\n\n\n\n<p>Zus\u00e4tzlich zu unseren Fu\u00dfballcamps bietet&nbsp;Soccer Challenge f\u00fcr M\u00e4dchen und Buben zwischen 8 und 18 Jahren und f\u00fcr Erwachsene auf der <strong>Soccer Challenge <mark style=\"background-color:rgba(0, 0, 0, 0);color:#e21e22\" class=\"has-inline-color\">COURT<\/mark><\/strong> Anlage (Weissauweg 1, 1220 Wien) ein&nbsp;<strong>individuelles Gruppen-<\/strong>&nbsp;oder&nbsp;<strong>Einzeltraining<\/strong>&nbsp;an. Ob Neuling oder Fortgeschrittener, diese zus\u00e4tzlichen Sport- und Trainingseinheiten werden durch ein qualifiziertes und lizenziertes Trainer:innenteam optimal, altersad\u00e4quat und leistungsorientiert auf die jeweilige Person abgestimmt.<\/p>\n\n\n\n<figure class=\"wp-block-image size-large\"><img loading=\"lazy\" decoding=\"async\" width=\"1024\" height=\"1024\" src=\"https:\/\/www.soccer-challenge.at\/camp\/wp-content\/uploads\/2026\/04\/Mix_SC_Anlage-1024x1024.jpeg\" alt=\"\" class=\"wp-image-278\" srcset=\"https:\/\/www.soccer-challenge.at\/camp\/wp-content\/uploads\/2026\/04\/Mix_SC_Anlage-1024x1024.jpeg 1024w, https:\/\/www.soccer-challenge.at\/camp\/wp-content\/uploads\/2026\/04\/Mix_SC_Anlage-300x300.jpeg 300w, https:\/\/www.soccer-challenge.at\/camp\/wp-content\/uploads\/2026\/04\/Mix_SC_Anlage-150x150.jpeg 150w, https:\/\/www.soccer-challenge.at\/camp\/wp-content\/uploads\/2026\/04\/Mix_SC_Anlage-768x768.jpeg 768w, https:\/\/www.soccer-challenge.at\/camp\/wp-content\/uploads\/2026\/04\/Mix_SC_Anlage-1536x1536.jpeg 1536w, https:\/\/www.soccer-challenge.at\/camp\/wp-content\/uploads\/2026\/04\/Mix_SC_Anlage.jpeg 2048w\" sizes=\"auto, (max-width: 1024px) 100vw, 1024px\" \/><\/figure>\n\n\n\n<div style=\"height:40px\" aria-hidden=\"true\" class=\"wp-block-spacer\"><\/div>\n\n\n\n<h4 class=\"wp-block-heading\">Ablauf<\/h4>\n\n\n\n<p>Die Gruppen- oder Einzeltrainingseinheiten finden werktags (Montag bis Freitag) in einem Zeitraum zwischen 12:00 und 16:00 Uhr statt. Treffpunkt ist immer 15 Minuten vor Trainingsbeginn vor den Kabinen der&nbsp;<strong>Soccer Challenge <mark style=\"background-color:rgba(0, 0, 0, 0);color:#e21e22\" class=\"has-inline-color\">COURT<\/mark><\/strong>&nbsp;Anlage. Eine Trainingseinheit dauert 60 Minuten.<\/p>\n\n\n\n<div style=\"height:20px\" aria-hidden=\"true\" class=\"wp-block-spacer\"><\/div>\n\n\n\n<h4 class=\"wp-block-heading\">Gruppengr\u00f6\u00dfe<\/h4>\n\n\n\n<ul class=\"wp-block-list\">\n<li>3 bis 6 Teilnehmer:innen \/ Fu\u00dfballtrainer:in &#8211; <strong>GRUPPENTRAINING<\/strong><\/li>\n\n\n\n<li>1 Teilnehmer:in \/ Fu\u00dfballtrainer:in &#8211; <strong>EINZELTRAINING<\/strong><\/li>\n<\/ul>\n\n\n\n<div style=\"height:20px\" aria-hidden=\"true\" class=\"wp-block-spacer\"><\/div>\n\n\n\n<h4 class=\"wp-block-heading\">Leistungen<\/h4>\n\n\n\n<ul class=\"wp-block-list\">\n<li>Fu\u00dfballtraining \u00e1 60 Minuten in Kleingruppen<\/li>\n\n\n\n<li>Individuelle Betreuung<\/li>\n\n\n\n<li>Forcierung der St\u00e4rken und Reduzierung der Schw\u00e4chen<\/li>\n<\/ul>\n\n\n\n<div style=\"height:30px\" aria-hidden=\"true\" class=\"wp-block-spacer\"><\/div>\n\n\n\n<div class=\"wp-block-buttons is-layout-flex wp-block-buttons-is-layout-flex\">\n<div class=\"wp-block-button has-custom-width wp-block-button__width-100\"><a class=\"wp-block-button__link has-background wp-element-button\" href=\"http:\/\/www.soccer-challenge.at\/camp\/?page_id=74\" style=\"background-color:#1e73be\">HIER BUCHEN<\/a><\/div>\n<\/div>\n\n\n\n<div style=\"height:30px\" aria-hidden=\"true\" class=\"wp-block-spacer\"><\/div>\n\n\n\n<p>&#8222;Bei Interesse in einem offiziellen Fu\u00dfballverein t\u00e4tig zu sein, m\u00f6chten wir den Anf\u00e4nger:innen hier auch einen kurzen Einblick beim <a href=\"https:\/\/www.sv-donau.at\/\" target=\"_blank\" rel=\"noreferrer noopener\">SV Donau Wien<\/a> gew\u00e4hren. Sie sollen sehen mit welchem Engagement und welch gro\u00dfem Spa\u00df Kinder und Jugendliche ein t\u00e4gliches Training absolvieren. Wie in vielen anderen Vereinen ist der Beitritt geregelt und verlangt ein gewisses Eigenk\u00f6nnen und beinhaltet bestimmte Verpflichtungen, wie w\u00f6chentliche Spiele (Meisterschaftsbetrieb) und mehreren Trainingseinheiten pro Woche.<\/p>\n\n\n\n<p>Falls nun Dein Drang in einem Fu\u00dfballverein, wie dem SV Donau Wien oder einem anderen, t\u00e4tig zu sein, gewachsen ist, dann helfen wir Dir sehr gerne auf Deinen Weg dorthin. Der Weg ist das Ziel! Zeige uns Dein Engagement, Deine Leidenschaft und Deine Liebe zum Fu\u00dfball, und wir zeigen dir den Fu\u00dfball wie er leibt und lebt.&#8220;<\/p>\n","protected":false},"excerpt":{"rendered":"<p>GRUPPEN- und EINZELTRAINING Zus\u00e4tzlich zu unseren Fu\u00dfballcamps bietet&nbsp;Soccer Challenge f\u00fcr M\u00e4dchen und Buben zwischen 8 und 18 Jahren und f\u00fcr Erwachsene auf der Soccer Challenge COURT Anlage (Weissauweg 1, 1220 Wien) ein&nbsp;individuelles Gruppen-&nbsp;oder&nbsp;Einzeltraining&nbsp;an. Ob Neuling oder Fortgeschrittener, diese zus\u00e4tzlichen Sport- und Trainingseinheiten werden durch ein qualifiziertes und lizenziertes Trainer:innenteam optimal, altersad\u00e4quat und leistungsorientiert auf die jeweilige Person abgestimmt. Ablauf Die Gruppen- oder Einzeltrainingseinheiten finden werktags (Montag bis Freitag) in einem Zeitraum zwischen 12:00 und 16:00 Uhr statt. Treffpunkt ist immer 15 Minuten vor Trainingsbeginn vor den Kabinen der&nbsp;Soccer Challenge COURT&nbsp;Anlage. Eine Trainingseinheit dauert 60 Minuten. Gruppengr\u00f6\u00dfe Leistungen &#8222;Bei Interesse in&#8230; <\/p>\n","protected":false},"author":1,"featured_media":0,"parent":0,"menu_order":0,"comment_status":"closed","ping_status":"closed","template":"template-parts\/template-no-sidebar.php","meta":{"footnotes":""},"class_list":["post-34","page","type-page","status-publish","hentry"],"_links":{"self":[{"href":"https:\/\/www.soccer-challenge.at\/camp\/index.php?rest_route=\/wp\/v2\/pages\/34","targetHints":{"allow":["GET"]}}],"collection":[{"href":"https:\/\/www.soccer-challenge.at\/camp\/index.php?rest_route=\/wp\/v2\/pages"}],"about":[{"href":"https:\/\/www.soccer-challenge.at\/camp\/index.php?rest_route=\/wp\/v2\/types\/page"}],"author":[{"embeddable":true,"href":"https:\/\/www.soccer-challenge.at\/camp\/index.php?rest_route=\/wp\/v2\/users\/1"}],"replies":[{"embeddable":true,"href":"https:\/\/www.soccer-challenge.at\/camp\/index.php?rest_route=%2Fwp%2Fv2%2Fcomments&post=34"}],"version-history":[{"count":15,"href":"https:\/\/www.soccer-challenge.at\/camp\/index.php?rest_route=\/wp\/v2\/pages\/34\/revisions"}],"predecessor-version":[{"id":283,"href":"https:\/\/www.soccer-challenge.at\/camp\/index.php?rest_route=\/wp\/v2\/pages\/34\/revisions\/283"}],"wp:attachment":[{"href":"https:\/\/www.soccer-challenge.at\/camp\/index.php?rest_route=%2Fwp%2Fv2%2Fmedia&parent=34"}],"curies":[{"name":"wp","href":"https:\/\/api.w.org\/{rel}","templated":true}]}}