{"id":40,"date":"2022-08-02T00:04:52","date_gmt":"2022-08-01T22:04:52","guid":{"rendered":"http:\/\/www.soccer-challenge.at\/camp\/?page_id=40"},"modified":"2026-04-06T22:47:38","modified_gmt":"2026-04-06T20:47:38","slug":"ueber-uns","status":"publish","type":"page","link":"https:\/\/www.soccer-challenge.at\/camp\/?page_id=40","title":{"rendered":"KICK IT and ENJOY IT"},"content":{"rendered":"\n<p>\u201eFu\u00dfball ist&nbsp;<strong>Unterhaltung<\/strong>&nbsp;und verschafft dadurch eine exzellente M\u00f6glichkeit Menschen zusammenzubringen, neue Freundschaften entstehen zu lassen und zu<strong>&nbsp;integrieren<\/strong>&nbsp;. Es soll&nbsp;<strong>Spass<\/strong>&nbsp;bringen, aufregend sein und die Phantasie befl\u00fcgeln.<strong>&nbsp;Kreativit\u00e4t<\/strong>&nbsp;ist dabei unerl\u00e4sslich, denn diese gibt dem Spieler und der Spielerin den Freiraum, sein und ihr Talent und schlie\u00dflich sich selbst auszudr\u00fccken. Mit einem Ball am Fu\u00df kann ein Kind seine Einzigartigkeit darstellen, seine eigene Pers\u00f6nlichkeit, seine physischen F\u00e4higkeiten, seinen kreativen Geist und seine Gef\u00fchle.\u201c<\/p>\n\n\n\n<p>\u201eOft geht es im Sport (sowie im Alltag) um Gewinnen und Verlieren. Erfolg ist ein wundersch\u00f6nes und aufbauendes Gef\u00fchl, jedoch sollten wir niemals die Empfindungen einer Niederlage au\u00dfer Acht lassen. Diese k\u00f6nnen sehr schwierig f\u00fcr ein Kind sein, weshalb wir \u2013 Trainerinnen und Trainer \u2013 alle da sind um ein Kind w\u00e4hrend seiner fu\u00dfballerischen Irrungen und Wirrungen zu unterst\u00fctzen. Um ein Fu\u00dfballerkind heranzuziehen, haben wir alle eine unterst\u00fctzende und f\u00f6rdernde Funktion und diese wird umso wirksamer, je mehr wir zusammen daran arbeiten.\u201c<\/p>\n\n\n\n<figure class=\"wp-block-image size-large\"><img loading=\"lazy\" decoding=\"async\" width=\"1024\" height=\"410\" src=\"http:\/\/www.soccer-challenge.at\/camp\/wp-content\/uploads\/2022\/08\/Stadion-1-scaled-e1659467172410-1024x410.jpeg\" alt=\"\" class=\"wp-image-94\" srcset=\"https:\/\/www.soccer-challenge.at\/camp\/wp-content\/uploads\/2022\/08\/Stadion-1-scaled-e1659467172410-1024x410.jpeg 1024w, https:\/\/www.soccer-challenge.at\/camp\/wp-content\/uploads\/2022\/08\/Stadion-1-scaled-e1659467172410-300x120.jpeg 300w, https:\/\/www.soccer-challenge.at\/camp\/wp-content\/uploads\/2022\/08\/Stadion-1-scaled-e1659467172410-768x307.jpeg 768w, https:\/\/www.soccer-challenge.at\/camp\/wp-content\/uploads\/2022\/08\/Stadion-1-scaled-e1659467172410-1536x614.jpeg 1536w, https:\/\/www.soccer-challenge.at\/camp\/wp-content\/uploads\/2022\/08\/Stadion-1-scaled-e1659467172410-2048x819.jpeg 2048w\" sizes=\"auto, (max-width: 1024px) 100vw, 1024px\" \/><\/figure>\n\n\n\n<div style=\"height:30px\" aria-hidden=\"true\" class=\"wp-block-spacer\"><\/div>\n\n\n\n<h4 class=\"wp-block-heading has-text-color\" style=\"color:#1e73be\"><strong>Trainer<\/strong><\/h4>\n\n\n\n<p>Die Soccer Challenge Trainer sind in erster Linie an einer positiven und sozialen Entwicklung der Spieler:innen interessiert und stehen den Kindern- und Jugendlichen mit ihren zahlreichen fu\u00dfballerischen Ausbildungen mit Rat und Tat zur Seite.<\/p>\n\n\n\n<div style=\"height:20px\" aria-hidden=\"true\" class=\"wp-block-spacer\"><\/div>\n\n\n\n<div class=\"wp-block-columns is-layout-flex wp-container-core-columns-is-layout-9d6595d7 wp-block-columns-is-layout-flex\">\n<div class=\"wp-block-column is-layout-flow wp-block-column-is-layout-flow\">\n<figure class=\"wp-block-image size-large\"><img loading=\"lazy\" decoding=\"async\" width=\"683\" height=\"1024\" src=\"https:\/\/www.soccer-challenge.at\/camp\/wp-content\/uploads\/2026\/04\/Daniel-683x1024.jpg\" alt=\"\" class=\"wp-image-265\" srcset=\"https:\/\/www.soccer-challenge.at\/camp\/wp-content\/uploads\/2026\/04\/Daniel-683x1024.jpg 683w, https:\/\/www.soccer-challenge.at\/camp\/wp-content\/uploads\/2026\/04\/Daniel-200x300.jpg 200w, https:\/\/www.soccer-challenge.at\/camp\/wp-content\/uploads\/2026\/04\/Daniel-768x1152.jpg 768w, https:\/\/www.soccer-challenge.at\/camp\/wp-content\/uploads\/2026\/04\/Daniel-1024x1536.jpg 1024w, https:\/\/www.soccer-challenge.at\/camp\/wp-content\/uploads\/2026\/04\/Daniel-1365x2048.jpg 1365w, https:\/\/www.soccer-challenge.at\/camp\/wp-content\/uploads\/2026\/04\/Daniel-scaled.jpg 1707w\" sizes=\"auto, (max-width: 683px) 100vw, 683px\" \/><\/figure>\n<\/div>\n\n\n\n<div class=\"wp-block-column is-layout-flow wp-block-column-is-layout-flow\">\n<figure class=\"wp-block-image size-large\"><img loading=\"lazy\" decoding=\"async\" width=\"683\" height=\"1024\" src=\"https:\/\/www.soccer-challenge.at\/camp\/wp-content\/uploads\/2026\/04\/JonDaniel-683x1024.jpg\" alt=\"\" class=\"wp-image-266\" srcset=\"https:\/\/www.soccer-challenge.at\/camp\/wp-content\/uploads\/2026\/04\/JonDaniel-683x1024.jpg 683w, https:\/\/www.soccer-challenge.at\/camp\/wp-content\/uploads\/2026\/04\/JonDaniel-200x300.jpg 200w, https:\/\/www.soccer-challenge.at\/camp\/wp-content\/uploads\/2026\/04\/JonDaniel-768x1152.jpg 768w, https:\/\/www.soccer-challenge.at\/camp\/wp-content\/uploads\/2026\/04\/JonDaniel-1024x1536.jpg 1024w, https:\/\/www.soccer-challenge.at\/camp\/wp-content\/uploads\/2026\/04\/JonDaniel-1365x2048.jpg 1365w, https:\/\/www.soccer-challenge.at\/camp\/wp-content\/uploads\/2026\/04\/JonDaniel-scaled.jpg 1707w\" sizes=\"auto, (max-width: 683px) 100vw, 683px\" \/><\/figure>\n<\/div>\n\n\n\n<div class=\"wp-block-column is-layout-flow wp-block-column-is-layout-flow\">\n<figure class=\"wp-block-image size-large\"><img loading=\"lazy\" decoding=\"async\" width=\"683\" height=\"1024\" src=\"https:\/\/www.soccer-challenge.at\/camp\/wp-content\/uploads\/2026\/04\/Jon-683x1024.jpg\" alt=\"\" class=\"wp-image-267\" srcset=\"https:\/\/www.soccer-challenge.at\/camp\/wp-content\/uploads\/2026\/04\/Jon-683x1024.jpg 683w, https:\/\/www.soccer-challenge.at\/camp\/wp-content\/uploads\/2026\/04\/Jon-200x300.jpg 200w, https:\/\/www.soccer-challenge.at\/camp\/wp-content\/uploads\/2026\/04\/Jon-768x1152.jpg 768w, https:\/\/www.soccer-challenge.at\/camp\/wp-content\/uploads\/2026\/04\/Jon-1024x1536.jpg 1024w, https:\/\/www.soccer-challenge.at\/camp\/wp-content\/uploads\/2026\/04\/Jon-1365x2048.jpg 1365w, https:\/\/www.soccer-challenge.at\/camp\/wp-content\/uploads\/2026\/04\/Jon-scaled.jpg 1707w\" sizes=\"auto, (max-width: 683px) 100vw, 683px\" \/><\/figure>\n<\/div>\n<\/div>\n","protected":false},"excerpt":{"rendered":"<p>\u201eFu\u00dfball ist&nbsp;Unterhaltung&nbsp;und verschafft dadurch eine exzellente M\u00f6glichkeit Menschen zusammenzubringen, neue Freundschaften entstehen zu lassen und zu&nbsp;integrieren&nbsp;. Es soll&nbsp;Spass&nbsp;bringen, aufregend sein und die Phantasie befl\u00fcgeln.&nbsp;Kreativit\u00e4t&nbsp;ist dabei unerl\u00e4sslich, denn diese gibt dem Spieler und der Spielerin den Freiraum, sein und ihr Talent und schlie\u00dflich sich selbst auszudr\u00fccken. Mit einem Ball am Fu\u00df kann ein Kind seine Einzigartigkeit darstellen, seine eigene Pers\u00f6nlichkeit, seine physischen F\u00e4higkeiten, seinen kreativen Geist und seine Gef\u00fchle.\u201c \u201eOft geht es im Sport (sowie im Alltag) um Gewinnen und Verlieren. Erfolg ist ein wundersch\u00f6nes und aufbauendes Gef\u00fchl, jedoch sollten wir niemals die Empfindungen einer Niederlage au\u00dfer Acht lassen. Diese k\u00f6nnen&#8230; <\/p>\n","protected":false},"author":1,"featured_media":0,"parent":0,"menu_order":0,"comment_status":"closed","ping_status":"closed","template":"template-parts\/template-no-sidebar.php","meta":{"footnotes":""},"class_list":["post-40","page","type-page","status-publish","hentry"],"_links":{"self":[{"href":"https:\/\/www.soccer-challenge.at\/camp\/index.php?rest_route=\/wp\/v2\/pages\/40","targetHints":{"allow":["GET"]}}],"collection":[{"href":"https:\/\/www.soccer-challenge.at\/camp\/index.php?rest_route=\/wp\/v2\/pages"}],"about":[{"href":"https:\/\/www.soccer-challenge.at\/camp\/index.php?rest_route=\/wp\/v2\/types\/page"}],"author":[{"embeddable":true,"href":"https:\/\/www.soccer-challenge.at\/camp\/index.php?rest_route=\/wp\/v2\/users\/1"}],"replies":[{"embeddable":true,"href":"https:\/\/www.soccer-challenge.at\/camp\/index.php?rest_route=%2Fwp%2Fv2%2Fcomments&post=40"}],"version-history":[{"count":15,"href":"https:\/\/www.soccer-challenge.at\/camp\/index.php?rest_route=\/wp\/v2\/pages\/40\/revisions"}],"predecessor-version":[{"id":270,"href":"https:\/\/www.soccer-challenge.at\/camp\/index.php?rest_route=\/wp\/v2\/pages\/40\/revisions\/270"}],"wp:attachment":[{"href":"https:\/\/www.soccer-challenge.at\/camp\/index.php?rest_route=%2Fwp%2Fv2%2Fmedia&parent=40"}],"curies":[{"name":"wp","href":"https:\/\/api.w.org\/{rel}","templated":true}]}}