{"id":74,"date":"2022-08-02T00:49:39","date_gmt":"2022-08-01T22:49:39","guid":{"rendered":"http:\/\/www.soccer-challenge.at\/camp\/?page_id=74"},"modified":"2026-04-06T22:09:25","modified_gmt":"2026-04-06T20:09:25","slug":"online-buchung","status":"publish","type":"page","link":"https:\/\/www.soccer-challenge.at\/camp\/?page_id=74","title":{"rendered":"ONLINE BUCHUNG"},"content":{"rendered":"\n<p><strong>Soccer Challenge<\/strong> <strong><mark style=\"background-color:rgba(0, 0, 0, 0);color:#1e73be\" class=\"has-inline-color\">CAMP<\/mark>s<\/strong> und <strong>Individualtrainings<\/strong> k\u00f6nnen jederzeit gebucht werden. Du m\u00f6chtest einen n\u00e4chsten Schritt in Deiner Entwicklung setzen? Dann vollziehe Deine Buchung mit dem Buchungstool\u00a0<a href=\"https:\/\/widget.eversports.com\/w\/kue9q6?list=camp\" target=\"_blank\" rel=\"noreferrer noopener\">EVERSPORTS<\/a>\u00a0und schon kannst Du den Ball laufen lassen.<\/p>\n\n\n\n<div style=\"height:30px\" aria-hidden=\"true\" class=\"wp-block-spacer\"><\/div>\n\n\n\n<iframe loading=\"lazy\" width=\"100%\" height=\"1450px\" src=\"https:\/\/www.eversports.at\/widget\/w\/kue9q6?list=camp\" frameborder=\"0\">\n<\/iframe>\n\n\n\n<div style=\"height:30px\" aria-hidden=\"true\" class=\"wp-block-spacer\"><\/div>\n\n\n\n<p><\/p>\n","protected":false},"excerpt":{"rendered":"<p>Soccer Challenge CAMPs und Individualtrainings k\u00f6nnen jederzeit gebucht werden. Du m\u00f6chtest einen n\u00e4chsten Schritt in Deiner Entwicklung setzen? Dann vollziehe Deine Buchung mit dem Buchungstool\u00a0EVERSPORTS\u00a0und schon kannst Du den Ball laufen lassen.<\/p>\n","protected":false},"author":1,"featured_media":0,"parent":0,"menu_order":0,"comment_status":"closed","ping_status":"closed","template":"template-parts\/template-no-sidebar.php","meta":{"footnotes":""},"class_list":["post-74","page","type-page","status-publish","hentry"],"_links":{"self":[{"href":"https:\/\/www.soccer-challenge.at\/camp\/index.php?rest_route=\/wp\/v2\/pages\/74","targetHints":{"allow":["GET"]}}],"collection":[{"href":"https:\/\/www.soccer-challenge.at\/camp\/index.php?rest_route=\/wp\/v2\/pages"}],"about":[{"href":"https:\/\/www.soccer-challenge.at\/camp\/index.php?rest_route=\/wp\/v2\/types\/page"}],"author":[{"embeddable":true,"href":"https:\/\/www.soccer-challenge.at\/camp\/index.php?rest_route=\/wp\/v2\/users\/1"}],"replies":[{"embeddable":true,"href":"https:\/\/www.soccer-challenge.at\/camp\/index.php?rest_route=%2Fwp%2Fv2%2Fcomments&post=74"}],"version-history":[{"count":13,"href":"https:\/\/www.soccer-challenge.at\/camp\/index.php?rest_route=\/wp\/v2\/pages\/74\/revisions"}],"predecessor-version":[{"id":245,"href":"https:\/\/www.soccer-challenge.at\/camp\/index.php?rest_route=\/wp\/v2\/pages\/74\/revisions\/245"}],"wp:attachment":[{"href":"https:\/\/www.soccer-challenge.at\/camp\/index.php?rest_route=%2Fwp%2Fv2%2Fmedia&parent=74"}],"curies":[{"name":"wp","href":"https:\/\/api.w.org\/{rel}","templated":true}]}}